{"id":2323,"date":"2024-07-16T15:32:29","date_gmt":"2024-07-16T12:32:29","guid":{"rendered":"https:\/\/www.unallartedarik.com\/?post_type=product&#038;p=2323"},"modified":"2024-07-16T15:32:29","modified_gmt":"2024-07-16T12:32:29","slug":"diversey-taski-room-care-r6-agir-kirler-icin-klozet-temizlik-urunu","status":"publish","type":"product","link":"https:\/\/www.unallartedarik.com\/index.php\/urun\/diversey-taski-room-care-r6-agir-kirler-icin-klozet-temizlik-urunu\/","title":{"rendered":"Diversey Taski Room Care R6 A\u011f\u0131r Kirler \u0130\u00e7in Klozet Temizlik \u00dcr\u00fcn\u00fc"},"content":{"rendered":"","protected":false},"excerpt":{"rendered":"","protected":false},"featured_media":2324,"comment_status":"open","ping_status":"closed","template":"","meta":{"_joinchat":[]},"product_brand":[],"product_cat":[123],"product_tag":[],"class_list":{"0":"post-2323","1":"product","2":"type-product","3":"status-publish","4":"has-post-thumbnail","6":"product_cat-hijyen-ve-asit","8":"first","9":"instock","10":"shipping-taxable","11":"product-type-simple"},"yoast_head":"<!-- This site is optimized with the Yoast SEO plugin v27.2 - https:\/\/yoast.com\/product\/yoast-seo-wordpress\/ -->\n<title>Diversey Taski Room Care R6 A\u011f\u0131r Kirler \u0130\u00e7in Klozet Temizlik \u00dcr\u00fcn\u00fc - \u00dcnallar Tedarik Market \u00ae<\/title>\n<meta name=\"robots\" content=\"index, follow, max-snippet:-1, max-image-preview:large, max-video-preview:-1\" \/>\n<link rel=\"canonical\" href=\"https:\/\/www.unallartedarik.com\/index.php\/urun\/diversey-taski-room-care-r6-agir-kirler-icin-klozet-temizlik-urunu\/\" \/>\n<meta property=\"og:locale\" content=\"tr_TR\" \/>\n<meta property=\"og:type\" content=\"article\" \/>\n<meta property=\"og:title\" content=\"Diversey Taski Room Care R6 A\u011f\u0131r Kirler \u0130\u00e7in Klozet Temizlik \u00dcr\u00fcn\u00fc - \u00dcnallar Tedarik Market \u00ae\" \/>\n<meta property=\"og:url\" content=\"https:\/\/www.unallartedarik.com\/index.php\/urun\/diversey-taski-room-care-r6-agir-kirler-icin-klozet-temizlik-urunu\/\" \/>\n<meta property=\"og:site_name\" content=\"\u00dcnallar Tedarik Market \u00ae\" \/>\n<meta property=\"og:image\" content=\"https:\/\/i0.wp.com\/www.unallartedarik.com\/wp-content\/uploads\/2024\/07\/wctem_81-15.jpg?fit=592%2C580&ssl=1\" \/>\n\t<meta property=\"og:image:width\" content=\"592\" \/>\n\t<meta property=\"og:image:height\" content=\"580\" \/>\n\t<meta property=\"og:image:type\" content=\"image\/jpeg\" \/>\n<meta name=\"twitter:card\" content=\"summary_large_image\" \/>\n<meta name=\"twitter:label1\" content=\"Tahmini okuma s\u00fcresi\" \/>\n\t<meta name=\"twitter:data1\" content=\"1 dakika\" \/>\n<script type=\"application\/ld+json\" class=\"yoast-schema-graph\">{\"@context\":\"https:\/\/schema.org\",\"@graph\":[{\"@type\":\"WebPage\",\"@id\":\"https:\/\/www.unallartedarik.com\/index.php\/urun\/diversey-taski-room-care-r6-agir-kirler-icin-klozet-temizlik-urunu\/\",\"url\":\"https:\/\/www.unallartedarik.com\/index.php\/urun\/diversey-taski-room-care-r6-agir-kirler-icin-klozet-temizlik-urunu\/\",\"name\":\"Diversey Taski Room Care R6 A\u011f\u0131r Kirler \u0130\u00e7in Klozet Temizlik \u00dcr\u00fcn\u00fc - \u00dcnallar Tedarik Market \u00ae\",\"isPartOf\":{\"@id\":\"https:\/\/www.unallartedarik.com\/#website\"},\"primaryImageOfPage\":{\"@id\":\"https:\/\/www.unallartedarik.com\/index.php\/urun\/diversey-taski-room-care-r6-agir-kirler-icin-klozet-temizlik-urunu\/#primaryimage\"},\"image\":{\"@id\":\"https:\/\/www.unallartedarik.com\/index.php\/urun\/diversey-taski-room-care-r6-agir-kirler-icin-klozet-temizlik-urunu\/#primaryimage\"},\"thumbnailUrl\":\"https:\/\/i0.wp.com\/www.unallartedarik.com\/wp-content\/uploads\/2024\/07\/wctem_81-15.jpg?fit=592%2C580&ssl=1\",\"datePublished\":\"2024-07-16T12:32:29+00:00\",\"breadcrumb\":{\"@id\":\"https:\/\/www.unallartedarik.com\/index.php\/urun\/diversey-taski-room-care-r6-agir-kirler-icin-klozet-temizlik-urunu\/#breadcrumb\"},\"inLanguage\":\"tr\",\"potentialAction\":[{\"@type\":\"ReadAction\",\"target\":[\"https:\/\/www.unallartedarik.com\/index.php\/urun\/diversey-taski-room-care-r6-agir-kirler-icin-klozet-temizlik-urunu\/\"]}]},{\"@type\":\"ImageObject\",\"inLanguage\":\"tr\",\"@id\":\"https:\/\/www.unallartedarik.com\/index.php\/urun\/diversey-taski-room-care-r6-agir-kirler-icin-klozet-temizlik-urunu\/#primaryimage\",\"url\":\"https:\/\/i0.wp.com\/www.unallartedarik.com\/wp-content\/uploads\/2024\/07\/wctem_81-15.jpg?fit=592%2C580&ssl=1\",\"contentUrl\":\"https:\/\/i0.wp.com\/www.unallartedarik.com\/wp-content\/uploads\/2024\/07\/wctem_81-15.jpg?fit=592%2C580&ssl=1\",\"width\":592,\"height\":580},{\"@type\":\"BreadcrumbList\",\"@id\":\"https:\/\/www.unallartedarik.com\/index.php\/urun\/diversey-taski-room-care-r6-agir-kirler-icin-klozet-temizlik-urunu\/#breadcrumb\",\"itemListElement\":[{\"@type\":\"ListItem\",\"position\":1,\"name\":\"Ana sayfa\",\"item\":\"https:\/\/www.unallartedarik.com\/\"},{\"@type\":\"ListItem\",\"position\":2,\"name\":\"Ma\u011faza\",\"item\":\"https:\/\/www.unallartedarik.com\/index.php\/magaza\/\"},{\"@type\":\"ListItem\",\"position\":3,\"name\":\"Diversey Taski Room Care R6 A\u011f\u0131r Kirler \u0130\u00e7in Klozet Temizlik \u00dcr\u00fcn\u00fc\"}]},{\"@type\":\"WebSite\",\"@id\":\"https:\/\/www.unallartedarik.com\/#website\",\"url\":\"https:\/\/www.unallartedarik.com\/\",\"name\":\"\u00dcnallar Tedarik Market \u00ae\",\"description\":\"Ambalaj ve Temizlik \u00fcr\u00fcnleri\",\"potentialAction\":[{\"@type\":\"SearchAction\",\"target\":{\"@type\":\"EntryPoint\",\"urlTemplate\":\"https:\/\/www.unallartedarik.com\/?s={search_term_string}\"},\"query-input\":{\"@type\":\"PropertyValueSpecification\",\"valueRequired\":true,\"valueName\":\"search_term_string\"}}],\"inLanguage\":\"tr\"}]}<\/script>\n<!-- \/ Yoast SEO plugin. -->","yoast_head_json":{"title":"Diversey Taski Room Care R6 A\u011f\u0131r Kirler \u0130\u00e7in Klozet Temizlik \u00dcr\u00fcn\u00fc - \u00dcnallar Tedarik Market \u00ae","robots":{"index":"index","follow":"follow","max-snippet":"max-snippet:-1","max-image-preview":"max-image-preview:large","max-video-preview":"max-video-preview:-1"},"canonical":"https:\/\/www.unallartedarik.com\/index.php\/urun\/diversey-taski-room-care-r6-agir-kirler-icin-klozet-temizlik-urunu\/","og_locale":"tr_TR","og_type":"article","og_title":"Diversey Taski Room Care R6 A\u011f\u0131r Kirler \u0130\u00e7in Klozet Temizlik \u00dcr\u00fcn\u00fc - \u00dcnallar Tedarik Market \u00ae","og_url":"https:\/\/www.unallartedarik.com\/index.php\/urun\/diversey-taski-room-care-r6-agir-kirler-icin-klozet-temizlik-urunu\/","og_site_name":"\u00dcnallar Tedarik Market \u00ae","og_image":[{"width":592,"height":580,"url":"https:\/\/i0.wp.com\/www.unallartedarik.com\/wp-content\/uploads\/2024\/07\/wctem_81-15.jpg?fit=592%2C580&ssl=1","type":"image\/jpeg"}],"twitter_card":"summary_large_image","twitter_misc":{"Tahmini okuma s\u00fcresi":"1 dakika"},"schema":{"@context":"https:\/\/schema.org","@graph":[{"@type":"WebPage","@id":"https:\/\/www.unallartedarik.com\/index.php\/urun\/diversey-taski-room-care-r6-agir-kirler-icin-klozet-temizlik-urunu\/","url":"https:\/\/www.unallartedarik.com\/index.php\/urun\/diversey-taski-room-care-r6-agir-kirler-icin-klozet-temizlik-urunu\/","name":"Diversey Taski Room Care R6 A\u011f\u0131r Kirler \u0130\u00e7in Klozet Temizlik \u00dcr\u00fcn\u00fc - \u00dcnallar Tedarik Market \u00ae","isPartOf":{"@id":"https:\/\/www.unallartedarik.com\/#website"},"primaryImageOfPage":{"@id":"https:\/\/www.unallartedarik.com\/index.php\/urun\/diversey-taski-room-care-r6-agir-kirler-icin-klozet-temizlik-urunu\/#primaryimage"},"image":{"@id":"https:\/\/www.unallartedarik.com\/index.php\/urun\/diversey-taski-room-care-r6-agir-kirler-icin-klozet-temizlik-urunu\/#primaryimage"},"thumbnailUrl":"https:\/\/i0.wp.com\/www.unallartedarik.com\/wp-content\/uploads\/2024\/07\/wctem_81-15.jpg?fit=592%2C580&ssl=1","datePublished":"2024-07-16T12:32:29+00:00","breadcrumb":{"@id":"https:\/\/www.unallartedarik.com\/index.php\/urun\/diversey-taski-room-care-r6-agir-kirler-icin-klozet-temizlik-urunu\/#breadcrumb"},"inLanguage":"tr","potentialAction":[{"@type":"ReadAction","target":["https:\/\/www.unallartedarik.com\/index.php\/urun\/diversey-taski-room-care-r6-agir-kirler-icin-klozet-temizlik-urunu\/"]}]},{"@type":"ImageObject","inLanguage":"tr","@id":"https:\/\/www.unallartedarik.com\/index.php\/urun\/diversey-taski-room-care-r6-agir-kirler-icin-klozet-temizlik-urunu\/#primaryimage","url":"https:\/\/i0.wp.com\/www.unallartedarik.com\/wp-content\/uploads\/2024\/07\/wctem_81-15.jpg?fit=592%2C580&ssl=1","contentUrl":"https:\/\/i0.wp.com\/www.unallartedarik.com\/wp-content\/uploads\/2024\/07\/wctem_81-15.jpg?fit=592%2C580&ssl=1","width":592,"height":580},{"@type":"BreadcrumbList","@id":"https:\/\/www.unallartedarik.com\/index.php\/urun\/diversey-taski-room-care-r6-agir-kirler-icin-klozet-temizlik-urunu\/#breadcrumb","itemListElement":[{"@type":"ListItem","position":1,"name":"Ana sayfa","item":"https:\/\/www.unallartedarik.com\/"},{"@type":"ListItem","position":2,"name":"Ma\u011faza","item":"https:\/\/www.unallartedarik.com\/index.php\/magaza\/"},{"@type":"ListItem","position":3,"name":"Diversey Taski Room Care R6 A\u011f\u0131r Kirler \u0130\u00e7in Klozet Temizlik \u00dcr\u00fcn\u00fc"}]},{"@type":"WebSite","@id":"https:\/\/www.unallartedarik.com\/#website","url":"https:\/\/www.unallartedarik.com\/","name":"\u00dcnallar Tedarik Market \u00ae","description":"Ambalaj ve Temizlik \u00fcr\u00fcnleri","potentialAction":[{"@type":"SearchAction","target":{"@type":"EntryPoint","urlTemplate":"https:\/\/www.unallartedarik.com\/?s={search_term_string}"},"query-input":{"@type":"PropertyValueSpecification","valueRequired":true,"valueName":"search_term_string"}}],"inLanguage":"tr"}]}},"jetpack_sharing_enabled":true,"_links":{"self":[{"href":"https:\/\/www.unallartedarik.com\/index.php\/wp-json\/wp\/v2\/product\/2323","targetHints":{"allow":["GET"]}}],"collection":[{"href":"https:\/\/www.unallartedarik.com\/index.php\/wp-json\/wp\/v2\/product"}],"about":[{"href":"https:\/\/www.unallartedarik.com\/index.php\/wp-json\/wp\/v2\/types\/product"}],"replies":[{"embeddable":true,"href":"https:\/\/www.unallartedarik.com\/index.php\/wp-json\/wp\/v2\/comments?post=2323"}],"wp:featuredmedia":[{"embeddable":true,"href":"https:\/\/www.unallartedarik.com\/index.php\/wp-json\/wp\/v2\/media\/2324"}],"wp:attachment":[{"href":"https:\/\/www.unallartedarik.com\/index.php\/wp-json\/wp\/v2\/media?parent=2323"}],"wp:term":[{"taxonomy":"product_brand","embeddable":true,"href":"https:\/\/www.unallartedarik.com\/index.php\/wp-json\/wp\/v2\/product_brand?post=2323"},{"taxonomy":"product_cat","embeddable":true,"href":"https:\/\/www.unallartedarik.com\/index.php\/wp-json\/wp\/v2\/product_cat?post=2323"},{"taxonomy":"product_tag","embeddable":true,"href":"https:\/\/www.unallartedarik.com\/index.php\/wp-json\/wp\/v2\/product_tag?post=2323"}],"curies":[{"name":"wp","href":"https:\/\/api.w.org\/{rel}","templated":true}]}}