{"id":2287,"date":"2024-07-16T14:57:24","date_gmt":"2024-07-16T11:57:24","guid":{"rendered":"https:\/\/www.unallartedarik.com\/?post_type=product&#038;p=2287"},"modified":"2024-07-16T14:57:24","modified_gmt":"2024-07-16T11:57:24","slug":"prens-camasir-suyu","status":"publish","type":"product","link":"https:\/\/www.unallartedarik.com\/index.php\/urun\/prens-camasir-suyu\/","title":{"rendered":"Prens \u00c7ama\u015f\u0131r Suyu"},"content":{"rendered":"","protected":false},"excerpt":{"rendered":"","protected":false},"featured_media":2288,"comment_status":"open","ping_status":"closed","template":"","meta":{"_joinchat":[]},"product_brand":[],"product_cat":[123],"product_tag":[],"class_list":{"0":"post-2287","1":"product","2":"type-product","3":"status-publish","4":"has-post-thumbnail","6":"product_cat-hijyen-ve-asit","8":"first","9":"instock","10":"shipping-taxable","11":"product-type-simple"},"yoast_head":"<!-- This site is optimized with the Yoast SEO plugin v27.2 - https:\/\/yoast.com\/product\/yoast-seo-wordpress\/ -->\n<title>Prens \u00c7ama\u015f\u0131r Suyu - \u00dcnallar Tedarik Market \u00ae<\/title>\n<meta name=\"robots\" content=\"index, follow, max-snippet:-1, max-image-preview:large, max-video-preview:-1\" \/>\n<link rel=\"canonical\" href=\"https:\/\/www.unallartedarik.com\/index.php\/urun\/prens-camasir-suyu\/\" \/>\n<meta property=\"og:locale\" content=\"tr_TR\" \/>\n<meta property=\"og:type\" content=\"article\" \/>\n<meta property=\"og:title\" content=\"Prens \u00c7ama\u015f\u0131r Suyu - \u00dcnallar Tedarik Market \u00ae\" \/>\n<meta property=\"og:url\" content=\"https:\/\/www.unallartedarik.com\/index.php\/urun\/prens-camasir-suyu\/\" \/>\n<meta property=\"og:site_name\" content=\"\u00dcnallar Tedarik Market \u00ae\" \/>\n<meta property=\"og:image\" content=\"https:\/\/i0.wp.com\/www.unallartedarik.com\/wp-content\/uploads\/2024\/07\/cam30kg_68.jpg?fit=525%2C550&ssl=1\" \/>\n\t<meta property=\"og:image:width\" content=\"525\" \/>\n\t<meta property=\"og:image:height\" content=\"550\" \/>\n\t<meta property=\"og:image:type\" content=\"image\/jpeg\" \/>\n<meta name=\"twitter:card\" content=\"summary_large_image\" \/>\n<meta name=\"twitter:label1\" content=\"Tahmini okuma s\u00fcresi\" \/>\n\t<meta name=\"twitter:data1\" content=\"1 dakika\" \/>\n<script type=\"application\/ld+json\" class=\"yoast-schema-graph\">{\"@context\":\"https:\/\/schema.org\",\"@graph\":[{\"@type\":\"WebPage\",\"@id\":\"https:\/\/www.unallartedarik.com\/index.php\/urun\/prens-camasir-suyu\/\",\"url\":\"https:\/\/www.unallartedarik.com\/index.php\/urun\/prens-camasir-suyu\/\",\"name\":\"Prens \u00c7ama\u015f\u0131r Suyu - \u00dcnallar Tedarik Market \u00ae\",\"isPartOf\":{\"@id\":\"https:\/\/www.unallartedarik.com\/#website\"},\"primaryImageOfPage\":{\"@id\":\"https:\/\/www.unallartedarik.com\/index.php\/urun\/prens-camasir-suyu\/#primaryimage\"},\"image\":{\"@id\":\"https:\/\/www.unallartedarik.com\/index.php\/urun\/prens-camasir-suyu\/#primaryimage\"},\"thumbnailUrl\":\"https:\/\/i0.wp.com\/www.unallartedarik.com\/wp-content\/uploads\/2024\/07\/cam30kg_68.jpg?fit=525%2C550&ssl=1\",\"datePublished\":\"2024-07-16T11:57:24+00:00\",\"breadcrumb\":{\"@id\":\"https:\/\/www.unallartedarik.com\/index.php\/urun\/prens-camasir-suyu\/#breadcrumb\"},\"inLanguage\":\"tr\",\"potentialAction\":[{\"@type\":\"ReadAction\",\"target\":[\"https:\/\/www.unallartedarik.com\/index.php\/urun\/prens-camasir-suyu\/\"]}]},{\"@type\":\"ImageObject\",\"inLanguage\":\"tr\",\"@id\":\"https:\/\/www.unallartedarik.com\/index.php\/urun\/prens-camasir-suyu\/#primaryimage\",\"url\":\"https:\/\/i0.wp.com\/www.unallartedarik.com\/wp-content\/uploads\/2024\/07\/cam30kg_68.jpg?fit=525%2C550&ssl=1\",\"contentUrl\":\"https:\/\/i0.wp.com\/www.unallartedarik.com\/wp-content\/uploads\/2024\/07\/cam30kg_68.jpg?fit=525%2C550&ssl=1\",\"width\":525,\"height\":550},{\"@type\":\"BreadcrumbList\",\"@id\":\"https:\/\/www.unallartedarik.com\/index.php\/urun\/prens-camasir-suyu\/#breadcrumb\",\"itemListElement\":[{\"@type\":\"ListItem\",\"position\":1,\"name\":\"Ana sayfa\",\"item\":\"https:\/\/www.unallartedarik.com\/\"},{\"@type\":\"ListItem\",\"position\":2,\"name\":\"Ma\u011faza\",\"item\":\"https:\/\/www.unallartedarik.com\/index.php\/magaza\/\"},{\"@type\":\"ListItem\",\"position\":3,\"name\":\"Prens \u00c7ama\u015f\u0131r Suyu\"}]},{\"@type\":\"WebSite\",\"@id\":\"https:\/\/www.unallartedarik.com\/#website\",\"url\":\"https:\/\/www.unallartedarik.com\/\",\"name\":\"\u00dcnallar Tedarik Market \u00ae\",\"description\":\"Ambalaj ve Temizlik \u00fcr\u00fcnleri\",\"potentialAction\":[{\"@type\":\"SearchAction\",\"target\":{\"@type\":\"EntryPoint\",\"urlTemplate\":\"https:\/\/www.unallartedarik.com\/?s={search_term_string}\"},\"query-input\":{\"@type\":\"PropertyValueSpecification\",\"valueRequired\":true,\"valueName\":\"search_term_string\"}}],\"inLanguage\":\"tr\"}]}<\/script>\n<!-- \/ Yoast SEO plugin. -->","yoast_head_json":{"title":"Prens \u00c7ama\u015f\u0131r Suyu - \u00dcnallar Tedarik Market \u00ae","robots":{"index":"index","follow":"follow","max-snippet":"max-snippet:-1","max-image-preview":"max-image-preview:large","max-video-preview":"max-video-preview:-1"},"canonical":"https:\/\/www.unallartedarik.com\/index.php\/urun\/prens-camasir-suyu\/","og_locale":"tr_TR","og_type":"article","og_title":"Prens \u00c7ama\u015f\u0131r Suyu - \u00dcnallar Tedarik Market \u00ae","og_url":"https:\/\/www.unallartedarik.com\/index.php\/urun\/prens-camasir-suyu\/","og_site_name":"\u00dcnallar Tedarik Market \u00ae","og_image":[{"width":525,"height":550,"url":"https:\/\/i0.wp.com\/www.unallartedarik.com\/wp-content\/uploads\/2024\/07\/cam30kg_68.jpg?fit=525%2C550&ssl=1","type":"image\/jpeg"}],"twitter_card":"summary_large_image","twitter_misc":{"Tahmini okuma s\u00fcresi":"1 dakika"},"schema":{"@context":"https:\/\/schema.org","@graph":[{"@type":"WebPage","@id":"https:\/\/www.unallartedarik.com\/index.php\/urun\/prens-camasir-suyu\/","url":"https:\/\/www.unallartedarik.com\/index.php\/urun\/prens-camasir-suyu\/","name":"Prens \u00c7ama\u015f\u0131r Suyu - \u00dcnallar Tedarik Market \u00ae","isPartOf":{"@id":"https:\/\/www.unallartedarik.com\/#website"},"primaryImageOfPage":{"@id":"https:\/\/www.unallartedarik.com\/index.php\/urun\/prens-camasir-suyu\/#primaryimage"},"image":{"@id":"https:\/\/www.unallartedarik.com\/index.php\/urun\/prens-camasir-suyu\/#primaryimage"},"thumbnailUrl":"https:\/\/i0.wp.com\/www.unallartedarik.com\/wp-content\/uploads\/2024\/07\/cam30kg_68.jpg?fit=525%2C550&ssl=1","datePublished":"2024-07-16T11:57:24+00:00","breadcrumb":{"@id":"https:\/\/www.unallartedarik.com\/index.php\/urun\/prens-camasir-suyu\/#breadcrumb"},"inLanguage":"tr","potentialAction":[{"@type":"ReadAction","target":["https:\/\/www.unallartedarik.com\/index.php\/urun\/prens-camasir-suyu\/"]}]},{"@type":"ImageObject","inLanguage":"tr","@id":"https:\/\/www.unallartedarik.com\/index.php\/urun\/prens-camasir-suyu\/#primaryimage","url":"https:\/\/i0.wp.com\/www.unallartedarik.com\/wp-content\/uploads\/2024\/07\/cam30kg_68.jpg?fit=525%2C550&ssl=1","contentUrl":"https:\/\/i0.wp.com\/www.unallartedarik.com\/wp-content\/uploads\/2024\/07\/cam30kg_68.jpg?fit=525%2C550&ssl=1","width":525,"height":550},{"@type":"BreadcrumbList","@id":"https:\/\/www.unallartedarik.com\/index.php\/urun\/prens-camasir-suyu\/#breadcrumb","itemListElement":[{"@type":"ListItem","position":1,"name":"Ana sayfa","item":"https:\/\/www.unallartedarik.com\/"},{"@type":"ListItem","position":2,"name":"Ma\u011faza","item":"https:\/\/www.unallartedarik.com\/index.php\/magaza\/"},{"@type":"ListItem","position":3,"name":"Prens \u00c7ama\u015f\u0131r Suyu"}]},{"@type":"WebSite","@id":"https:\/\/www.unallartedarik.com\/#website","url":"https:\/\/www.unallartedarik.com\/","name":"\u00dcnallar Tedarik Market \u00ae","description":"Ambalaj ve Temizlik \u00fcr\u00fcnleri","potentialAction":[{"@type":"SearchAction","target":{"@type":"EntryPoint","urlTemplate":"https:\/\/www.unallartedarik.com\/?s={search_term_string}"},"query-input":{"@type":"PropertyValueSpecification","valueRequired":true,"valueName":"search_term_string"}}],"inLanguage":"tr"}]}},"jetpack_sharing_enabled":true,"_links":{"self":[{"href":"https:\/\/www.unallartedarik.com\/index.php\/wp-json\/wp\/v2\/product\/2287","targetHints":{"allow":["GET"]}}],"collection":[{"href":"https:\/\/www.unallartedarik.com\/index.php\/wp-json\/wp\/v2\/product"}],"about":[{"href":"https:\/\/www.unallartedarik.com\/index.php\/wp-json\/wp\/v2\/types\/product"}],"replies":[{"embeddable":true,"href":"https:\/\/www.unallartedarik.com\/index.php\/wp-json\/wp\/v2\/comments?post=2287"}],"wp:featuredmedia":[{"embeddable":true,"href":"https:\/\/www.unallartedarik.com\/index.php\/wp-json\/wp\/v2\/media\/2288"}],"wp:attachment":[{"href":"https:\/\/www.unallartedarik.com\/index.php\/wp-json\/wp\/v2\/media?parent=2287"}],"wp:term":[{"taxonomy":"product_brand","embeddable":true,"href":"https:\/\/www.unallartedarik.com\/index.php\/wp-json\/wp\/v2\/product_brand?post=2287"},{"taxonomy":"product_cat","embeddable":true,"href":"https:\/\/www.unallartedarik.com\/index.php\/wp-json\/wp\/v2\/product_cat?post=2287"},{"taxonomy":"product_tag","embeddable":true,"href":"https:\/\/www.unallartedarik.com\/index.php\/wp-json\/wp\/v2\/product_tag?post=2287"}],"curies":[{"name":"wp","href":"https:\/\/api.w.org\/{rel}","templated":true}]}}